{"id":2,"date":"2012-10-30T10:42:29","date_gmt":"2012-10-30T10:42:29","guid":{"rendered":"https:\/\/www.frischeexpress.at\/?page_id=2"},"modified":"2014-03-27T09:27:33","modified_gmt":"2014-03-27T07:27:33","slug":"beispiel-seite","status":"publish","type":"page","link":"https:\/\/www.frischeexpress.at\/?page_id=2","title":{"rendered":"Frische ist unser Leben"},"content":{"rendered":"<p>Frische ist unser Leben. Wenn wir im Morgengrauen oder sp\u00e4t am Abend die frisch geernteten Produkte der Tiroler Bauern oder die Waren auf den K\u00fchl-LKW, die von fernen meist s\u00fcdlichen Landschaften zu uns kommen, entladen und diese gleich wieder kommissionieren und mit eigenen K\u00fchl-LKW ausliefern, dann tun wir das, weil wir Obst, Gem\u00fcse, S\u00fcdfr\u00fcchte, Bioprodukte und Convenience-Artikel so frisch wie nur irgendwie m\u00f6glich zu unseren Kunden\/innen bringen wollen.<\/p>\n","protected":false},"excerpt":{"rendered":"<p>Frische ist unser Leben. Wenn wir im Morgengrauen oder sp\u00e4t am Abend die frisch geernteten Produkte der Tiroler Bauern oder die Waren auf den K\u00fchl-LKW, die von fernen meist s\u00fcdlichen Landschaften zu uns kommen, entladen und diese gleich wieder kommissionieren &hellip; <a href=\"https:\/\/www.frischeexpress.at\/?page_id=2\">Weiterlesen <span class=\"meta-nav\">&rarr;<\/span><\/a><\/p>\n","protected":false},"author":1,"featured_media":0,"parent":0,"menu_order":0,"comment_status":"open","ping_status":"open","template":"","meta":[],"_links":{"self":[{"href":"https:\/\/www.frischeexpress.at\/index.php?rest_route=\/wp\/v2\/pages\/2"}],"collection":[{"href":"https:\/\/www.frischeexpress.at\/index.php?rest_route=\/wp\/v2\/pages"}],"about":[{"href":"https:\/\/www.frischeexpress.at\/index.php?rest_route=\/wp\/v2\/types\/page"}],"author":[{"embeddable":true,"href":"https:\/\/www.frischeexpress.at\/index.php?rest_route=\/wp\/v2\/users\/1"}],"replies":[{"embeddable":true,"href":"https:\/\/www.frischeexpress.at\/index.php?rest_route=%2Fwp%2Fv2%2Fcomments&post=2"}],"version-history":[{"count":8,"href":"https:\/\/www.frischeexpress.at\/index.php?rest_route=\/wp\/v2\/pages\/2\/revisions"}],"predecessor-version":[{"id":91,"href":"https:\/\/www.frischeexpress.at\/index.php?rest_route=\/wp\/v2\/pages\/2\/revisions\/91"}],"wp:attachment":[{"href":"https:\/\/www.frischeexpress.at\/index.php?rest_route=%2Fwp%2Fv2%2Fmedia&parent=2"}],"curies":[{"name":"wp","href":"https:\/\/api.w.org\/{rel}","templated":true}]}}